{"id":4109,"date":"2015-07-06T19:40:18","date_gmt":"2015-07-06T17:40:18","guid":{"rendered":"http:\/\/examen.jurcase.com\/?page_id=4109"},"modified":"2018-12-14T03:05:02","modified_gmt":"2018-12-14T02:05:02","slug":"repetitorium","status":"publish","type":"page","link":"https:\/\/www.juridicus.de\/blog\/","title":{"rendered":"Das kostenlose Online-Repetitorium"},"content":{"rendered":"[vc_row type=&#8220;in_container&#8220; scene_position=&#8220;center&#8220; text_color=&#8220;dark&#8220; text_align=&#8220;left&#8220; overlay_strength=&#8220;0.3&#8243;][vc_column column_padding=&#8220;no-extra-padding&#8220; column_padding_position=&#8220;all&#8220; background_color_opacity=&#8220;1&#8243; background_hover_color_opacity=&#8220;1&#8243; width=&#8220;1\/1&#8243;]<div style=\"height: 300px\"  data-transition=\"slide\" data-overall_style=\"classic\" data-flexible-height=\"true\" data-animate-in-effect=\"none\" data-fullscreen=\"false\" data-button-sizing=\"regular\" data-button-styling=\"btn_with_count\" data-autorotate=\"\" data-parallax=\"false\" data-full-width=\"true\" class=\"nectar-slider-wrap \" id=\"ns-id-69d095a435bf8\">\n\t\t\t<div style=\"height: 300px\" class=\"swiper-container\"  data-tho=\"auto\" data-tco=\"auto\" data-pho=\"auto\" data-pco=\"auto\" data-loop=\"false\" data-height=\"300\" data-min-height=\"\" data-arrows=\"false\" data-bullets=\"false\" data-bullet_style=\"see_through\" data-desktop-swipe=\"false\" data-settings=\"\">\n\t\t\t\t    <div class=\"swiper-wrapper\"><div class=\"swiper-slide\" data-bg-alignment=\"center\" data-color-scheme=\"light\" data-x-pos=\"left\" data-y-pos=\"middle\"> \n\t\t\t\t\t\t\t\t<div class=\"image-bg\" style=\"background-image: url(https:\/\/www.juridicus.de\/blog\/wp-content\/uploads\/2015\/07\/examensrelevant-rep.jpg);\"> &nbsp; <\/div><div class=\"video-texture \"> <span class=\"ie-fix\"><\/span> <\/div><\/div><!--\/swiper-slide--><\/div><div class=\"nectar-slider-loading \"> <span class=\"loading-icon none\">   <\/span> <\/div> <\/div> \n\t\t\t\t\n\t\t\t<\/div>[\/vc_column][\/vc_row][vc_row type=&#8220;in_container&#8220; scene_position=&#8220;center&#8220; text_color=&#8220;dark&#8220; text_align=&#8220;left&#8220; overlay_strength=&#8220;0.3&#8243;][vc_column column_padding=&#8220;no-extra-padding&#8220; column_padding_position=&#8220;all&#8220; background_color_opacity=&#8220;1&#8243; background_hover_color_opacity=&#8220;1&#8243; width=&#8220;5\/6&#8243;][vc_column_text]\n<h2 style=\"text-align: justify;\">Das kostenlose Online-Repetitorium<\/h2>\n<p style=\"text-align: justify;\"><strong>Wir bereiten Euch auf die Pr\u00fcfung vor!<\/strong><\/p>\n<p style=\"text-align: justify;\">Ab jetzt erscheinen regelm\u00e4\u00dfig Ausz\u00fcge aus\u00a0<strong>Unterlagen zur Pr\u00fcfungsvorbereitung<\/strong>\u00a0auf die juristischen Staatsexamina. Nachdem das\u00a0Mobiliarsachenrecht schon vor einiger Zeit dran war, kommt nun das Baurecht.<\/p>\n<p style=\"text-align: justify;\">Zun\u00e4chst erhaltet Ihr jeden Montag\u00a0einen Fall. Den k\u00f6nnt Ihr dann f\u00fcr Euch versuchen zu l\u00f6sen. Am Freitag\u00a0erhaltet Ihr die Falll\u00f6sung \u2013 manchmal in mehreren Teilen.<\/p>\n<p style=\"text-align: justify;\">Am Anfang jeder Falll\u00f6sung bekommt Ihr \u00dcbersichtsbl\u00e4tter, um die im Fall haupts\u00e4chlich relevanten Probleme zun\u00e4chst allgemein zu erfassen. Auf diese wird dann an den entsprechenden Stellen in der Falll\u00f6sung Bezug genommen.<\/p>\n<p>Ist die gesamte L\u00f6sung zu einem Fall ver\u00f6ffentlicht, dann erhaltet Ihr die Falll\u00f6sung noch einmal komplett mit der Zusammenstellung der \u00dcbersichtsbl\u00e4tter (auch als pdf zum ausdrucken!)[\/vc_column_text][\/vc_column][vc_column column_padding=&#8220;no-extra-padding&#8220; column_padding_position=&#8220;all&#8220; background_color_opacity=&#8220;1&#8243; background_hover_color_opacity=&#8220;1&#8243; width=&#8220;1\/6&#8243;][vc_column_text]\n[\/vc_column_text][\/vc_column][\/vc_row][vc_row type=&#8220;in_container&#8220; scene_position=&#8220;center&#8220; text_color=&#8220;dark&#8220; text_align=&#8220;left&#8220; overlay_strength=&#8220;0.3&#8243;][vc_column column_padding=&#8220;no-extra-padding&#8220; column_padding_position=&#8220;all&#8220; background_color_opacity=&#8220;1&#8243; background_hover_color_opacity=&#8220;1&#8243; width=&#8220;1\/3&#8243;][\/vc_column][vc_column column_padding=&#8220;no-extra-padding&#8220; column_padding_position=&#8220;all&#8220; background_color_opacity=&#8220;1&#8243; background_hover_color_opacity=&#8220;1&#8243; width=&#8220;1\/3&#8243;][vc_column_text]\n<p style=\"text-align: left;\"><a class=\"nectar-button large accent-color has-icon regular-button\"  href=\"\/blog\/aufgaben\" data-color-override=\"false\" data-hover-color-override=\"false\" data-hover-text-color-override=\"#fff\"><span>zu allen Aufgaben<\/span> <i class=\"icon-button-arrow\"><\/i><\/a>\n[\/vc_column_text][\/vc_column][vc_column column_padding=&#8220;no-extra-padding&#8220; column_padding_position=&#8220;all&#8220; background_color_opacity=&#8220;1&#8243; background_hover_color_opacity=&#8220;1&#8243; width=&#8220;1\/3&#8243;][\/vc_column][\/vc_row][vc_row type=&#8220;in_container&#8220; scene_position=&#8220;center&#8220; text_color=&#8220;dark&#8220; text_align=&#8220;left&#8220; overlay_strength=&#8220;0.3&#8243;][vc_column column_padding=&#8220;no-extra-padding&#8220; column_padding_position=&#8220;all&#8220; background_color_opacity=&#8220;1&#8243; background_hover_color_opacity=&#8220;1&#8243; width=&#8220;1\/1&#8243;]<div style=\"height: 60px;\" class=\"divider\"><\/div>\t\n\t<div class=\"row\">\n\t\n\t <div id=\"post-area\" class=\"col span_9   \"> <div class=\"posts-container\" data-load-animation=\"none\">\t\t\t\n\t\t\t<\/div><!--\/posts container-->\n\t\t\t\n\t\t\t\t\t\n\t\t<\/div><!--\/span_9-->\n\t\t\n\t\t\t\t\t<div id=\"sidebar\" class=\"col span_3 col_last\">\n\t\t\t\t<div id=\"text-7\" class=\"widget widget_text\">\t\t\t<div class=\"textwidget\"><\/div>\n\t\t<\/div>    \n\t\t\t<\/div><!--\/span_3-->\n\t   \n\t<\/div>\n\t\n\t[\/vc_column][\/vc_row]\n","protected":false},"excerpt":{"rendered":"<p>[vc_row type=&#8220;in_container&#8220; scene_position=&#8220;center&#8220; text_color=&#8220;dark&#8220; text_align=&#8220;left&#8220; overlay_strength=&#8220;0.3&#8243;][vc_column column_padding=&#8220;no-extra-padding&#8220; column_padding_position=&#8220;all&#8220; background_color_opacity=&#8220;1&#8243; background_hover_color_opacity=&#8220;1&#8243; width=&#8220;1\/1&#8243;][\/vc_column][\/vc_row][vc_row type=&#8220;in_container&#8220; scene_position=&#8220;center&#8220; text_color=&#8220;dark&#8220; text_align=&#8220;left&#8220; overlay_strength=&#8220;0.3&#8243;][vc_column column_padding=&#8220;no-extra-padding&#8220; column_padding_position=&#8220;all&#8220; background_color_opacity=&#8220;1&#8243; background_hover_color_opacity=&#8220;1&#8243; width=&#8220;5\/6&#8243;][vc_column_text] Das kostenlose Online-Repetitorium Wir bereiten Euch auf die Pr\u00fcfung vor! Ab jetzt erscheinen regelm\u00e4\u00dfig Ausz\u00fcge aus\u00a0Unterlagen zur Pr\u00fcfungsvorbereitung\u00a0auf die juristischen Staatsexamina. Nachdem das\u00a0Mobiliarsachenrecht schon vor einiger Zeit dran war, kommt nun das Baurecht. Zun\u00e4chst erhaltet Ihr jeden Montag\u00a0einen Fall. Den k\u00f6nnt Ihr dann f\u00fcr Euch versuchen zu l\u00f6sen. Am&#8230;<\/p>\n","protected":false},"author":1755,"featured_media":0,"parent":0,"menu_order":0,"comment_status":"open","ping_status":"open","template":"","meta":{"footnotes":""},"class_list":["post-4109","page","type-page","status-publish","hentry"],"_links":{"self":[{"href":"https:\/\/www.juridicus.de\/blog\/wp-json\/wp\/v2\/pages\/4109","targetHints":{"allow":["GET"]}}],"collection":[{"href":"https:\/\/www.juridicus.de\/blog\/wp-json\/wp\/v2\/pages"}],"about":[{"href":"https:\/\/www.juridicus.de\/blog\/wp-json\/wp\/v2\/types\/page"}],"author":[{"embeddable":true,"href":"https:\/\/www.juridicus.de\/blog\/wp-json\/wp\/v2\/users\/1755"}],"replies":[{"embeddable":true,"href":"https:\/\/www.juridicus.de\/blog\/wp-json\/wp\/v2\/comments?post=4109"}],"version-history":[{"count":34,"href":"https:\/\/www.juridicus.de\/blog\/wp-json\/wp\/v2\/pages\/4109\/revisions"}],"predecessor-version":[{"id":5723,"href":"https:\/\/www.juridicus.de\/blog\/wp-json\/wp\/v2\/pages\/4109\/revisions\/5723"}],"wp:attachment":[{"href":"https:\/\/www.juridicus.de\/blog\/wp-json\/wp\/v2\/media?parent=4109"}],"curies":[{"name":"wp","href":"https:\/\/api.w.org\/{rel}","templated":true}]}}